{"id":21,"date":"2021-10-08T23:08:37","date_gmt":"2021-10-08T23:08:37","guid":{"rendered":"https:\/\/thebabysurrogacy.com\/contattaci\/"},"modified":"2026-01-03T11:06:18","modified_gmt":"2026-01-03T11:06:18","slug":"contattaci","status":"publish","type":"page","link":"https:\/\/thebabysurrogacy.com\/es\/contacto\/","title":{"rendered":"Contacto"},"content":{"rendered":"<section id=\"gm49d60e8\" class=\"wp-block-gutentor-m4 alignfull section-gm49d60e8 gutentor-module gutentor-advanced-columns has-color-bg has-custom-bg g-c-r-valign-mobile g-c-r-valign-tablet g-valign-c-desktop\"><div class=\"grid-container\"><div class=\"grid-row\">\n<div id=\"col-gm751daf\" class=\"wp-block-gutentor-m4-col col-gm751daf gutentor-single-column  grid-lg-7 grid-md-7 grid-12\"><div id=\"section-gm751daf\" class=\"section-gm751daf gutentor-col-wrap\">\n<div id=\"section-gae1787\" class=\"wp-block-gutentor-e1 section-gae1787 gutentor-element gutentor-element-advanced-text wow slideInUp\" data-wow-animation=\"slideInUp\"><div class=\"gutentor-text-wrap\"><h2 class=\"gutentor-text\">&#8220;<em>Tal vez no suceda de la manera que esperabas, pero si quieres ser padre un modo existe<\/em> &#8220;<\/h2><\/div><\/div>\n\n\n\n<div id=\"section-g11e106\" class=\"wp-block-gutentor-e1 section-g11e106 gutentor-element gutentor-element-advanced-text wow slideInUp\" data-wow-animation=\"slideInUp\"><div class=\"gutentor-text-wrap\"><h2 class=\"gutentor-text\"><\/h2><\/div><\/div>\n\n\n\n<p><\/p>\n<\/div><\/div>\n\n\n\n<div id=\"col-gm3ee784\" class=\"wp-block-gutentor-m4-col col-gm3ee784 gutentor-single-column  grid-lg-5 grid-md-5 grid-12\"><div id=\"section-gm3ee784\" class=\"section-gm3ee784 gutentor-col-wrap\">\n<div id=\"section-g2a7986\" class=\"wp-block-gutentor-e6 section-g2a7986 gutentor-element gutentor-element-image wow slideInRight\" data-wow-animation=\"slideInRight\"><div class=\"gutentor-element-image-box\"><div class=\"gutentor-image-thumb\"><img decoding=\"async\" class=\"normal-image\" src=\"https:\/\/thebabysurrogacy.com\/wp-content\/uploads\/2021\/10\/maternita-surrogata-come-funziona-3.svg\" \/><\/div><\/div><\/div>\n<\/div><\/div>\n<\/div><\/div><\/section>\n\n\n\n<div id=\"section-g860ef2\" class=\"wp-block-gutentor-e1 section-g860ef2 gutentor-element gutentor-element-advanced-text wow slideInUp text-align-center-mobile\" data-wow-animation=\"slideInUp\"><div class=\"gutentor-text-wrap\"><p class=\"gutentor-text\">Donde encontrarnos<\/p><\/div><\/div>\n\n\n\n<div id=\"section-g216ed5\" class=\"wp-block-gutentor-e1 alignfull section-g216ed5 gutentor-element gutentor-element-advanced-text wow slideInUp text-align-center-desktop\" data-wow-animation=\"slideInUp\"><div class=\"gutentor-text-wrap\"><p class=\"gutentor-text\">Con sede en Londres, tambi\u00e9n puedes encontrarnos en San Marino, Barcelona, Ciudad de M\u00e9xico y EE.UU. donde brindamos asesoramiento sobre la ley de subrogaci\u00f3n de 48 estados, en ciudades como Miami, San Diego, Nueva York.<\/p><\/div><\/div>\n\n\n\n<div class=\"wp-block-group alignfull coblocks-animate\" data-coblocks-animation=\"slideInBottom\"><div class=\"wp-block-group__inner-container is-layout-flow wp-block-group-is-layout-flow\">\n<section id=\"g2d5000\" class=\"wp-block-gutentor-m9 section-g2d5000 gutentor-module gutentor-module-form-wrapper\"><div class=\"grid-container\"><div class=\"map_wrapper\" id=\"map_wrapper_1414\">\n<div class=\"map_box\" style=\"max-width:2200px\">\n<div class=\"map_aspect_ratio\" style=\"padding-top:56%\" data-padding-top=\"56%\" data-padding-top-mobile=\"0%\">\n<div class=\"map_container\">\n<div class=\"map_render map_loading\" id=\"map_1414\"><\/div>\n<\/div>\n<\/div>\n<\/div>\n<\/div><\/div><\/section>\n<\/div><\/div>\n\n\n\n<div id=\"section-g71f5d6\" class=\"wp-block-gutentor-e6 alignfull section-g71f5d6 gutentor-element gutentor-element-image  d-none d-md-block d-lg-block\"><div class=\"gutentor-element-image-box\"><div class=\"gutentor-bg-image\"><div class=\"overlay\"><\/div><\/div><\/div><\/div>\n\n\n\n<section id=\"gm7ff155a\" class=\"wp-block-gutentor-m4 alignfull section-gm7ff155a gutentor-module gutentor-advanced-columns has-color-bg has-custom-bg\"><div class=\"grid-container\"><div class=\"grid-row\">\n<div id=\"col-gmf63d15\" class=\"wp-block-gutentor-m4-col col-gmf63d15 gutentor-single-column  grid-lg-6 grid-md-12 grid-12\"><div id=\"section-gmf63d15\" class=\"section-gmf63d15 gutentor-col-wrap\">\n<div id=\"section-g560e18\" class=\"wp-block-gutentor-e1 section-g560e18 gutentor-element gutentor-element-advanced-text wow slideInUp\" data-wow-animation=\"slideInUp\"><div class=\"gutentor-text-wrap\"><p class=\"gutentor-text\">No dudes en <span style=\"color:#ee396a\" class=\"has-inline-color\">Contactarnos<\/span> para m\u00e1s informaci\u00f3n<\/p><\/div><\/div>\n\n\n\n<div id=\"section-g0122f3\" class=\"wp-block-gutentor-e1 section-g0122f3 gutentor-element gutentor-element-advanced-text wow slideInUp\" data-wow-animation=\"slideInUp\" data-wow-delay=\"0.3s\"><div class=\"gutentor-text-wrap\"><p class=\"gutentor-text\"><a href=\"mailto:support@cosmoswp.com\">info@thebabysurrogacy.com<\/a><\/p><\/div><\/div>\n\n\n\n<div id=\"section-g6118e3\" class=\"wp-block-gutentor-e1 section-g6118e3 gutentor-element gutentor-element-advanced-text wow slideInUp\" data-wow-animation=\"slideInUp\" data-wow-delay=\"0.1s\"><div class=\"gutentor-text-wrap\"><p class=\"gutentor-text\">o llama para asistencia inmediata<\/p><\/div><\/div>\n\n\n\n<div id=\"section-g8d1d05\" class=\"wp-block-gutentor-e1 section-g8d1d05 gutentor-element gutentor-element-advanced-text wow slideInUp\" data-wow-animation=\"slideInUp\" data-wow-delay=\"0.2s\"><div class=\"gutentor-text-wrap\"><p class=\"gutentor-text\">(+44) 020 3910 4961<\/p><\/div><\/div>\n\n\n\n<div id=\"section-g63e4b3\" class=\"wp-block-gutentor-e1 section-g63e4b3 gutentor-element gutentor-element-advanced-text wow slideInUp\" data-wow-animation=\"slideInUp\" data-wow-delay=\"0.1s\"><div class=\"gutentor-text-wrap\"><p class=\"gutentor-text\"><strong>Para la atenci\u00f3n presencial se requiere cita previa<\/strong><\/p><\/div><\/div>\n\n\n\n<div id=\"section-g-4sm41it\" class=\"wp-block-gutentor-e1 section-g-4sm41it gutentor-element gutentor-element-advanced-text wow slideInUp\" data-wow-animation=\"slideInUp\" data-wow-delay=\"0.1s\"><div class=\"gutentor-text-wrap\"><p class=\"gutentor-text\"><br>71-75 Shelton Street, Covent Garden, London, United Kingdom, WC2H 9JQ<\/p><\/div><\/div>\n\n\n\n<div id=\"section-g46e90c\" class=\"wp-block-gutentor-e6 section-g46e90c gutentor-element gutentor-element-image\"><div class=\"gutentor-element-image-box\"><div class=\"gutentor-image-thumb\"><img decoding=\"async\" class=\"normal-image\" src=\"https:\/\/thebabysurrogacy.com\/wp-content\/uploads\/2021\/11\/undraw_spread_love_r-9-jb-1.svg\" \/><\/div><\/div><\/div>\n<\/div><\/div>\n\n\n\n<div id=\"col-gm1df79e\" class=\"wp-block-gutentor-m4-col col-gm1df79e gutentor-single-column  grid-lg-6 grid-md-12 grid-12\"><div id=\"section-gm1df79e\" class=\"section-gm1df79e gutentor-col-wrap\">\n\n\n\n\n<section id=\"g-dxc71cc\" class=\"wp-block-gutentor-m9 section-g-dxc71cc gutentor-module gutentor-module-form-wrapper has-color-bg has-custom-bg wow slideInUp\" data-wow-animation=\"slideInUp\" data-wow-delay=\"0.5s\" data-wow-iteration=\"1\"><div class=\"grid-container gutentor-rm-ct-space\">\n<div class=\"wpcf7 no-js\" id=\"wpcf7-f7681-o1\" lang=\"it-IT\" dir=\"ltr\" data-wpcf7-id=\"7681\">\n<div class=\"screen-reader-response\"><p role=\"status\" aria-live=\"polite\" aria-atomic=\"true\"><\/p> <ul><\/ul><\/div>\n<form action=\"\/es\/wp-json\/wp\/v2\/pages\/21#wpcf7-f7681-o1\" method=\"post\" class=\"wpcf7-form init\" aria-label=\"Modulo di contatto\" novalidate=\"novalidate\" data-status=\"init\" data-trp-original-action=\"\/es\/wp-json\/wp\/v2\/pages\/21#wpcf7-f7681-o1\">\n<fieldset class=\"hidden-fields-container\"><input type=\"hidden\" name=\"_wpcf7\" value=\"7681\" \/><input type=\"hidden\" name=\"_wpcf7_version\" value=\"6.1.5\" \/><input type=\"hidden\" name=\"_wpcf7_locale\" value=\"it_IT\" \/><input type=\"hidden\" name=\"_wpcf7_unit_tag\" value=\"wpcf7-f7681-o1\" \/><input type=\"hidden\" name=\"_wpcf7_container_post\" value=\"0\" \/><input type=\"hidden\" name=\"_wpcf7_posted_data_hash\" value=\"\" \/>\n<\/fieldset>\n<p><label> Nombre y apellido<br \/>\n<span class=\"wpcf7-form-control-wrap\" data-name=\"your-name\"><input size=\"40\" maxlength=\"400\" class=\"wpcf7-form-control wpcf7-text wpcf7-validates-as-required\" aria-required=\"true\" aria-invalid=\"false\" value=\"\" type=\"text\" name=\"your-name\" \/><\/span><br \/>\n<\/label>\n<\/p>\n<p><label> Asunto<br \/>\n<span class=\"wpcf7-form-control-wrap\" data-name=\"your-subject\"><input size=\"40\" maxlength=\"400\" class=\"wpcf7-form-control wpcf7-text\" aria-invalid=\"false\" value=\"\" type=\"text\" name=\"your-subject\" \/><\/span><br \/>\n<\/label>\n<\/p>\n<p><label> Correo electr\u00f3nico<br \/>\n<span class=\"wpcf7-form-control-wrap\" data-name=\"your-email\"><input size=\"40\" maxlength=\"400\" class=\"wpcf7-form-control wpcf7-email wpcf7-validates-as-required wpcf7-text wpcf7-validates-as-email\" aria-required=\"true\" aria-invalid=\"false\" value=\"\" type=\"email\" name=\"your-email\" \/><\/span><br \/>\n<\/label>\n<\/p>\n<p><label> N\u00famero de tel\u00e9fono<br \/>\n<span class=\"wpcf7-form-control-wrap\" data-name=\"your-phone\"><input size=\"40\" maxlength=\"400\" class=\"wpcf7-form-control wpcf7-tel wpcf7-validates-as-required wpcf7-text wpcf7-validates-as-tel\" aria-required=\"true\" aria-invalid=\"false\" value=\"\" type=\"tel\" name=\"your-phone\" \/><\/span><br \/>\n<\/label>\n<\/p>\n<p><label> Mensaje<br \/>\n<span class=\"wpcf7-form-control-wrap\" data-name=\"your-message\"><textarea cols=\"40\" rows=\"10\" maxlength=\"2000\" class=\"wpcf7-form-control wpcf7-textarea\" aria-invalid=\"false\" name=\"your-message\"><\/textarea><\/span><br \/>\n<\/label>\n<\/p>\n<p><input class=\"wpcf7-form-control wpcf7-submit has-spinner btn-submit\" type=\"submit\" value=\"Enviar\" \/>\n<\/p><p style=\"display: none !important;\" class=\"akismet-fields-container\" data-prefix=\"_wpcf7_ak_\"><label>&#916;<textarea name=\"_wpcf7_ak_hp_textarea\" cols=\"45\" rows=\"8\" maxlength=\"100\"><\/textarea><\/label><input type=\"hidden\" id=\"ak_js_1\" name=\"_wpcf7_ak_js\" value=\"64\"\/><script>\ndocument.getElementById( \"ak_js_1\" ).setAttribute( \"value\", ( new Date() ).getTime() );\n<\/script>\n<\/p><div class=\"wpcf7-response-output\" aria-hidden=\"true\"><\/div>\n<input type=\"hidden\" name=\"trp-form-language\" value=\"es\"\/><\/form>\n<\/div>\n<\/div><\/section>\n<\/div><\/div>\n<\/div><\/div><\/section>","protected":false},"excerpt":{"rendered":"","protected":false},"author":1,"featured_media":0,"parent":0,"menu_order":0,"comment_status":"closed","ping_status":"closed","template":"","meta":{"_coblocks_attr":"","_coblocks_dimensions":"","_coblocks_responsive_height":"","_coblocks_accordion_ie_support":"","om_disable_all_campaigns":false,"inline_featured_image":false,"_monsterinsights_skip_tracking":false,"_monsterinsights_sitenote_active":false,"_monsterinsights_sitenote_note":"","_monsterinsights_sitenote_category":0,"_uf_show_specific_survey":0,"_uf_disable_surveys":false,"hide_page_title":"","footnotes":""},"class_list":["post-21","page","type-page","status-publish","hentry"],"aioseo_notices":[],"_links":{"self":[{"href":"https:\/\/thebabysurrogacy.com\/es\/wp-json\/wp\/v2\/pages\/21","targetHints":{"allow":["GET"]}}],"collection":[{"href":"https:\/\/thebabysurrogacy.com\/es\/wp-json\/wp\/v2\/pages"}],"about":[{"href":"https:\/\/thebabysurrogacy.com\/es\/wp-json\/wp\/v2\/types\/page"}],"author":[{"embeddable":true,"href":"https:\/\/thebabysurrogacy.com\/es\/wp-json\/wp\/v2\/users\/1"}],"replies":[{"embeddable":true,"href":"https:\/\/thebabysurrogacy.com\/es\/wp-json\/wp\/v2\/comments?post=21"}],"version-history":[{"count":127,"href":"https:\/\/thebabysurrogacy.com\/es\/wp-json\/wp\/v2\/pages\/21\/revisions"}],"predecessor-version":[{"id":7688,"href":"https:\/\/thebabysurrogacy.com\/es\/wp-json\/wp\/v2\/pages\/21\/revisions\/7688"}],"wp:attachment":[{"href":"https:\/\/thebabysurrogacy.com\/es\/wp-json\/wp\/v2\/media?parent=21"}],"curies":[{"name":"wp","href":"https:\/\/api.w.org\/{rel}","templated":true}]}}