{"id":5039,"date":"2023-10-11T23:09:35","date_gmt":"2023-10-11T23:09:35","guid":{"rendered":"https:\/\/thebabysurrogacy.com\/?page_id=5039"},"modified":"2025-04-01T17:14:33","modified_gmt":"2025-04-01T17:14:33","slug":"giornali-e-media-maternita-surrogata","status":"publish","type":"page","link":"https:\/\/thebabysurrogacy.com\/es\/prensa-gestacion-subrogada\/","title":{"rendered":"Prensa"},"content":{"rendered":"<section id=\"gm4ff60fa\" class=\"wp-block-gutentor-m4 alignfull section-gm4ff60fa gutentor-module gutentor-advanced-columns has-color-bg has-custom-bg\"><div class=\"grid-container\"><div class=\"grid-row\">\n<div id=\"col-gma7c00e\" class=\"wp-block-gutentor-m4-col col-gma7c00e gutentor-single-column  grid-lg-7 grid-md-7 grid-12\"><div id=\"section-gma7c00e\" class=\"section-gma7c00e gutentor-col-wrap\">\n<div id=\"section-gbbdd2c\" class=\"wp-block-gutentor-e1 section-gbbdd2c gutentor-element gutentor-element-advanced-text wow slideInUp\" data-wow-animation=\"slideInUp\"><div class=\"gutentor-text-wrap\"><h2 class=\"gutentor-text\">Prensa<\/h2><\/div><\/div>\n\n\n\n<div id=\"section-g76f172\" class=\"wp-block-gutentor-e1 section-g76f172 gutentor-element gutentor-element-advanced-text wow slideInUp\" data-wow-animation=\"slideInUp\"><div class=\"gutentor-text-wrap\"><h2 class=\"gutentor-text\">A continuaci\u00f3n encontrar\u00e1s el contacto correspondiente para solicitudes de prensa y medios. <br>Este correo electr\u00f3nico est\u00e1 exclusivamente destinado a periodistas y consultas de car\u00e1cter informativo o institucional.<br>Para cualquier otra consulta o informaci\u00f3n sobre nuestros servicios, por favor visita nuestra p\u00e1gina de <a href=\"https:\/\/thebabysurrogacy.com\/es\/contacto\/\" title=\"\">Contacto<\/a>.<br><br><\/h2><\/div><\/div>\n\n\n\n<div id=\"section-g-i117977\" class=\"wp-block-gutentor-e1 section-g-i117977 gutentor-element gutentor-element-advanced-text wow slideInUp\" data-wow-animation=\"slideInUp\"><div class=\"gutentor-text-wrap\"><h2 class=\"gutentor-text\"><strong>press@thebabysurrogacy.com<\/strong><br><br><\/h2><\/div><\/div>\n<\/div><\/div>\n\n\n\n<div id=\"col-gm70edad\" class=\"wp-block-gutentor-m4-col col-gm70edad gutentor-single-column  grid-lg-5 grid-md-5 grid-12\"><div id=\"section-gm70edad\" class=\"section-gm70edad gutentor-col-wrap\">\n<div id=\"section-g09cd8e\" class=\"wp-block-gutentor-e6 section-g09cd8e gutentor-element gutentor-element-image wow slideInUp\" data-wow-animation=\"slideInUp\"><div class=\"gutentor-element-image-box\"><div class=\"gutentor-image-thumb\"><img decoding=\"async\" class=\"normal-image\" src=\"https:\/\/thebabysurrogacy.com\/wp-content\/uploads\/2023\/12\/giornali-e-media-maternita-surrogata-1-e1702400242761.png?_t=1703862269\" alt=\"giornali e media sulla maternita surrogata\" \/><\/div><\/div><\/div>\n<\/div><\/div>\n<\/div><\/div><\/section>\n\n\n\n<section id=\"gmda116d4\" class=\"wp-block-gutentor-m4 alignfull section-gmda116d4 gutentor-module gutentor-advanced-columns\"><div class=\"grid-container\"><div class=\"grid-row\">\n<div id=\"col-gm05126d\" class=\"wp-block-gutentor-m4-col col-gm05126d gutentor-single-column  grid-lg-6 grid-md-12 grid-12\"><div id=\"section-gm05126d\" class=\"section-gm05126d gutentor-col-wrap\">\n<div id=\"section-g21c146\" class=\"wp-block-gutentor-e6 section-g21c146 gutentor-element gutentor-element-image wow fadeIn\" data-wow-animation=\"fadeIn\"><div class=\"gutentor-element-image-box\"><div class=\"gutentor-image-thumb\"><img decoding=\"async\" class=\"normal-image\" src=\"https:\/\/thebabysurrogacy.com\/wp-content\/uploads\/2023\/10\/maternita_surrogata_reato_universale_cristiano_nepi_the_wall_street_journal.png?_t=1697064542\" \/><\/div><\/div><\/div>\n\n\n\n<p><\/p>\n<\/div><\/div>\n\n\n\n<div id=\"col-gmc65144\" class=\"wp-block-gutentor-m4-col col-gmc65144 gutentor-single-column  grid-lg-6 grid-md-12 grid-12 wow slideInUp\" data-wow-animation=\"slideInUp\" data-wow-iteration=\"1\"><div id=\"section-gmc65144\" class=\"section-gmc65144 gutentor-col-wrap\">\n<div id=\"section-g851a05\" class=\"wp-block-gutentor-e0 section-g851a05 gutentor-element gutentor-element-advanced-text\"><div class=\"gutentor-text-wrap\"><h3 class=\"gutentor-text\">Italia da el primer paso para penalizar la gestaci\u00f3n subrogada en el extranjero - Incluso si ocurre en EE.UU.<\/h3><\/div><\/div>\n\n\n\n<div id=\"section-g33107d\" class=\"wp-block-gutentor-e0 section-g33107d gutentor-element gutentor-element-advanced-text\"><div class=\"gutentor-text-wrap\"><p class=\"gutentor-text\">Los diputados italianos respaldaron un proyecto de ley para considerar la gestaci\u00f3n subrogada un delito universal que extiende la prohibici\u00f3n ya vigente en Estados Unidos. La propuesta castiga con pena de entre tres meses y dos a\u00f1os de c\u00e1rcel y multas que podr\u00edan llegar al mill\u00f3n de euros.<br>Entre los padres de intenci\u00f3n afectados, la indignaci\u00f3n es absoluta. Nuestro director ejecutivo Cristiano Nepi, fue entrevistado por el peri\u00f3dico estadounidense para arrojar luz sobre este horrible, rid\u00edculo y aterrador proyecto de ley que ha generado asombro e interrogantes incluso entre el pueblo estadounidense. <br>Estamos preparados ante cualquier circunstancia.<\/p><\/div><\/div>\n\n\n\n<section id=\"gm1498449\" class=\"wp-block-gutentor-m2 section-gm1498449 gutentor-module gutentor-dynamic-columns\"><div class=\"grid-container gutentor-rm-ct-space\"><div class=\"grid-row\">\n<div id=\"col-gm4b6716\" class=\"wp-block-gutentor-m2-col col-gm4b6716 gutentor-module gutentor-dynamic-single-column wow slideInUp grid-lg-6 grid-md-6 grid-12\" data-wow-animation=\"slideInUp\" data-wow-delay=\"0.1s\" data-wow-duration=\"1s\" data-wow-iteration=\"1\"><div id=\"section-gm4b6716\" class=\"section-gm4b6716 gutentor-single-col\">\n<div id=\"section-ga1747f\" class=\"wp-block-gutentor-e0 section-ga1747f gutentor-element gutentor-element-advanced-text\"><div class=\"gutentor-text-wrap\"><h3 class=\"gutentor-text\">Art\u00edculo completo<\/h3><\/div><\/div>\n\n\n\n<div id=\"section-gb7e7e0\" class=\"wp-block-gutentor-e0 section-gb7e7e0 gutentor-element gutentor-element-advanced-text\"><div class=\"gutentor-text-wrap\"><p class=\"gutentor-text\"><a href=\"https:\/\/www.wsj.com\/world\/europe\/italy-is-cracking-down-on-surrogacyeven-if-it-happens-in-the-u-s-f0a6144c?st=s1huvli24ge7p6b&amp;reflink=desktopwebshare_permalink\" target=\"_blank\" rel=\"noopener\" title=\"\">www.wsj.com<\/a><\/p><\/div><\/div>\n<\/div><\/div>\n<\/div><\/div><\/section>\n<\/div><\/div>\n<\/div><\/div><\/section>","protected":false},"excerpt":{"rendered":"","protected":false},"author":1,"featured_media":0,"parent":0,"menu_order":0,"comment_status":"closed","ping_status":"closed","template":"","meta":{"_coblocks_attr":"","_coblocks_dimensions":"","_coblocks_responsive_height":"","_coblocks_accordion_ie_support":"","om_disable_all_campaigns":false,"inline_featured_image":false,"_monsterinsights_skip_tracking":false,"_monsterinsights_sitenote_active":false,"_monsterinsights_sitenote_note":"","_monsterinsights_sitenote_category":0,"_uf_show_specific_survey":0,"_uf_disable_surveys":false,"hide_page_title":"","footnotes":""},"class_list":["post-5039","page","type-page","status-publish","hentry"],"aioseo_notices":[],"_links":{"self":[{"href":"https:\/\/thebabysurrogacy.com\/es\/wp-json\/wp\/v2\/pages\/5039","targetHints":{"allow":["GET"]}}],"collection":[{"href":"https:\/\/thebabysurrogacy.com\/es\/wp-json\/wp\/v2\/pages"}],"about":[{"href":"https:\/\/thebabysurrogacy.com\/es\/wp-json\/wp\/v2\/types\/page"}],"author":[{"embeddable":true,"href":"https:\/\/thebabysurrogacy.com\/es\/wp-json\/wp\/v2\/users\/1"}],"replies":[{"embeddable":true,"href":"https:\/\/thebabysurrogacy.com\/es\/wp-json\/wp\/v2\/comments?post=5039"}],"version-history":[{"count":58,"href":"https:\/\/thebabysurrogacy.com\/es\/wp-json\/wp\/v2\/pages\/5039\/revisions"}],"predecessor-version":[{"id":7188,"href":"https:\/\/thebabysurrogacy.com\/es\/wp-json\/wp\/v2\/pages\/5039\/revisions\/7188"}],"wp:attachment":[{"href":"https:\/\/thebabysurrogacy.com\/es\/wp-json\/wp\/v2\/media?parent=5039"}],"curies":[{"name":"wp","href":"https:\/\/api.w.org\/{rel}","templated":true}]}}